{"id":2734,"date":"2022-02-14T22:15:42","date_gmt":"2022-02-14T21:15:42","guid":{"rendered":"https:\/\/dianaclubhotel.hu\/?page_id=2734"},"modified":"2022-02-14T22:18:18","modified_gmt":"2022-02-14T21:18:18","slug":"gtc","status":"publish","type":"page","link":"https:\/\/dianaclubhotel.hu\/en\/gtc\/","title":{"rendered":"GTC"},"content":{"rendered":"<div class=\"fusion-fullwidth fullwidth-box fusion-builder-row-1 fusion-flex-container nonhundred-percent-fullwidth non-hundred-percent-height-scrolling\" style=\"--awb-background-position:left top;--awb-border-sizes-top:0px;--awb-border-sizes-bottom:0px;--awb-border-sizes-left:0px;--awb-border-sizes-right:0px;--awb-border-radius-top-left:0px;--awb-border-radius-top-right:0px;--awb-border-radius-bottom-right:0px;--awb-border-radius-bottom-left:0px;--awb-padding-top:10px;--awb-padding-bottom:30px;--awb-padding-top-medium:0px;--awb-padding-bottom-medium:100px;--awb-padding-top-small:0px;--awb-padding-bottom-small:80px;--awb-flex-wrap:wrap;\" ><div class=\"fusion-builder-row fusion-row fusion-flex-align-items-flex-start fusion-flex-content-wrap\" style=\"max-width:calc( 1170px + 0px );margin-left: calc(-0px \/ 2 );margin-right: calc(-0px \/ 2 );\"><div class=\"fusion-layout-column fusion_builder_column fusion-builder-column-0 fusion_builder_column_1_1 1_1 fusion-flex-column fusion-flex-align-self-flex-start fusion-column-no-min-height\" style=\"--awb-bg-blend:overlay;--awb-bg-size:cover;--awb-width-large:100%;--awb-margin-top-large:0px;--awb-spacing-right-large:0px;--awb-margin-bottom-large:0px;--awb-spacing-left-large:0px;--awb-width-medium:100%;--awb-spacing-right-medium:0px;--awb-spacing-left-medium:0px;--awb-width-small:100%;--awb-spacing-right-small:0px;--awb-spacing-left-small:0px;\"><div class=\"fusion-column-wrapper fusion-flex-justify-content-flex-start fusion-content-layout-column\"><div class=\"fusion-text fusion-text-1\" style=\"--awb-text-transform:none;\"><p>Valid from: 1st September 2021<\/p>\n<p>Scope of application: Contracts for accommodation and related agreements to be entered into between this hotel and the guest to be accommodated shall be subject to these terms and conditions. Any particulars not provided for herein shall be governed by laws and regulations and\/ or generally accepted practices.<\/p>\n<p>1) SERVICE PROVIDER DETAILS<\/p>\n<p>\u201c3T\u201d Zrt.<\/p>\n<p>Tel.: +36 1 334 0345;\u00a0 +36 30 568 0345<\/p>\n<p>E-mail: info@dianaclubhotel.hu<\/p>\n<p>Internet: http:\/\/www.dianaclubhotel.com<\/p>\n<p>2) MEANS OF AND CONDITIONS FOR USING THE SERVICE<\/p>\n<p>a) Booking of the Service:<\/p>\n<p>In every case bookings must be sent to the hotel in writing (email, etc.). The contact details of the hotel can be found on the www.dianaclubhotel.hu homepage.<\/p>\n<p>Bookings must include the Guest\u2019s name and address, the exact arrival and departure dates, the room type, and the exact designation of the services (meals, programs). The specific type of room must be communicated unambiguously to the hotel.<\/p>\n<p>The hotel confirms all bookings in writing (email).<\/p>\n<p>b) Mediated Services:<\/p>\n<p>The current list of mediated services included in the basic hotel package and available for use in the hotel is available on the hotel\u2019s web page and at the reception.<\/p>\n<p>c) Cancellation of Service:<\/p>\n<p>The Guest undertakes to inform the hotel of any cancellation or modification of the booked services, or of any other change whatsoever, in writing prior to the commencement of the service.<\/p>\n<p>In case of individual bookings, cancellation without penalty \u2013 unless otherwise provided for by the individual agreement concluded with the Guest \u2013 is possible three workdays prior to arrival.<\/p>\n<p>Should the Guest fail to arrive and cancel his\/her booking by the appropriate deadline, the penalty shall amount to 70% of the fees for the booked services, but at least the room rate for 1 night as contained in the booking.<\/p>\n<p>For group bookings the cancellation fee shall be specified on an individual basis upon the closing of the transaction.<\/p>\n<p>d) Check-in and Check-out:<\/p>\n<p>Hotel rooms may be occupied from 15:00 (3:00 p.m.) on the day of arrival and must be vacated by 11:00 a.m. on the day of departure.<\/p>\n<p>Korai \u00e9rkez\u00e9s, illetve k\u00e9s\u0151i t\u00e1voz\u00e1s el\u0151zetes egyeztet\u00e9s alapj\u00e1n, az aktu\u00e1lis t\u00e9r\u00edt\u00e9si d\u00edjak ellen\u00e9ben lehets\u00e9ges.<\/p>\n<p>e) Conditions For Using The Service<\/p>\n<p>Upon arrival guests must verify their identity by passport or identity card. The hotel reserves the right to create a photocopy of these documents. Furthermore Guests will be required to fill out a form with their personal data for administrative means. An extract of the General Terms and Conditions is available in each room in both English and Hungarian language. The Guest will agree to these conditions by signing a form at check-in.<\/p>\n<p>Under the terms of operative legislation, from 1st September 2021, certain personal data required by law shall be recorded for guests using accommodation services in Hungary in property management software with the aid of a document reader and be transmitted to a storage space, the Closed Guest Information Database (VIZA in Hungarian).<\/p>\n<p>3) TERMS OF PAYMENT<\/p>\n<p>The hotel service charges must be paid before check-in.<\/p>\n<p>The consideration for the booked services can be paid:<\/p>\n<ul>\n<li>by bank transfer, or<\/li>\n<li>on the site in cash (HUF or EUR),<\/li>\n<li>by bank card (VISA, VISA Electron, VISA PAY, MasterCard, Maestro), or<\/li>\n<li>Sz\u00e9chenyi Holiday Card (SZ\u00c9P-card). <em>(Please note that the tourist tax cannot be paid with SZ\u00c9P card.)<\/em><\/li>\n<\/ul>\n<p>\u201c3T\u201d Zrt. reserves the right for the hotel to request a payment guarantee prior to the use of the services booked by the guest, but not later than at the time of the guest\u2019s arrival. The payment guarantee can be provided as a pre-authorisation using the guest\u2019s bank card, or as the payment of the booked service on-site upon arrival in cash or in any cash equivalent accepted by the hotel, or as a bank transfer to the bank account of the hotel prior to using the service, in an amount equivalent to the value of the booked service.<\/p>\n<p>In case of a bank transfer \u2013 unless otherwise provided for by the contract concluded with the hotel or with the booking office \u2013 the Guest must credit the consideration of the booked services to the bank account of the concerned hotel prior to arrival.<\/p>\n<p>4) OUR PRICES<\/p>\n<p>The prices published by Diana Club Hotel shall in every case include the lawfully specified VAT as valid on the date of printing, and shall not include the tourism tax, which shall be payable at the site of the service, with the exception of offers where Diana Club Hotel specifically indicates that \u201cthe prices shown also include the tourism tax\u201d.<\/p>\n<p>Pursuant to Article 6 of Regulation 4\/2009 (of January 30) issued jointly by the Minister of National Development and of the Economy and the Minister of Social and Employment Affairs, prices are also indicated at the service delivery location in a form that complies with the statutory regulations. Adequate information on the service fee is also available to the Guest at the hotel reception prior to the commencement of the service delivery.<\/p>\n<p>Diana Club Hotel reserves the right to price changes.<\/p>\n<p>Currently enforced prices are communicated by the hotel in the confirmation of the booking. Information on the hotel\u2019s actual prices can be found on the Diana Club Hotel homepage (http:\/\/www.dianaclubhotel.com).<\/p>\n<p>The Service Provider and the Guest hereby agree that they shall consider the day of the last service actually used as the delivery date for the provided service (Article 55 Paragraph (1) of the VAT Act).<\/p>\n<p>5) SPECIAL SERVICES<\/p>\n<p>a) Child Discounts:<\/p>\n<p>Discounts shall apply only to children travelling together with a parent, and shall not apply to student groups.<\/p>\n<p>b) Programs:<\/p>\n<p>The hotel shall provide information about its program offering and the actual prices thereof at the time of the hotel booking, and throughout the stay of the Guest at the hotel.<\/p>\n<p>6) COMPLAINTS:<\/p>\n<p>In case of any complaints that may emerge during the time the hotel service the Guest may lodge an objection in writing at the hotel reception up until the departure date.<\/p>\n<p>The hotel shall investigate complaints and respond to them in earnest within three days.<\/p>\n<p>7) INDEMNIFICATION:<\/p>\n<p>The hotel shall be liable for any damages caused, in compliance with the applicable statutory regulations.<\/p>\n<p>A guest who fails to lodge a complaint shall not be entitled to indemnification later on.<\/p>\n<p>The Guest hereby declares to have understood and taken note of these General Contractual Terms and Conditions.<\/p>\n<p>Diana Club Hotel<\/p>\n<p>\u201e3T\u201d Zrt.<\/p>\n<p>management<\/p>\n<p>01 September 2021<\/p>\n<\/div><\/div><\/div><\/div><\/div>\n","protected":false},"excerpt":{"rendered":"","protected":false},"author":1,"featured_media":0,"parent":0,"menu_order":0,"comment_status":"open","ping_status":"open","template":"100-width.php","meta":{"footnotes":""},"_links":{"self":[{"href":"https:\/\/dianaclubhotel.hu\/en\/wp-json\/wp\/v2\/pages\/2734"}],"collection":[{"href":"https:\/\/dianaclubhotel.hu\/en\/wp-json\/wp\/v2\/pages"}],"about":[{"href":"https:\/\/dianaclubhotel.hu\/en\/wp-json\/wp\/v2\/types\/page"}],"author":[{"embeddable":true,"href":"https:\/\/dianaclubhotel.hu\/en\/wp-json\/wp\/v2\/users\/1"}],"replies":[{"embeddable":true,"href":"https:\/\/dianaclubhotel.hu\/en\/wp-json\/wp\/v2\/comments?post=2734"}],"version-history":[{"count":2,"href":"https:\/\/dianaclubhotel.hu\/en\/wp-json\/wp\/v2\/pages\/2734\/revisions"}],"predecessor-version":[{"id":2736,"href":"https:\/\/dianaclubhotel.hu\/en\/wp-json\/wp\/v2\/pages\/2734\/revisions\/2736"}],"wp:attachment":[{"href":"https:\/\/dianaclubhotel.hu\/en\/wp-json\/wp\/v2\/media?parent=2734"}],"curies":[{"name":"wp","href":"https:\/\/api.w.org\/{rel}","templated":true}]}}